{"id":97,"date":"2025-06-18T00:12:43","date_gmt":"2025-06-17T22:12:43","guid":{"rendered":"https:\/\/miramov.cat\/sobre-mov\/"},"modified":"2025-09-04T17:06:52","modified_gmt":"2025-09-04T15:06:52","slug":"sobre-mov","status":"publish","type":"page","link":"https:\/\/miramov.cat\/es\/sobre-mov\/","title":{"rendered":"sobre .mov"},"content":{"rendered":"\n<div class=\"wp-block-columns alignfull is-layout-flex wp-container-core-columns-is-layout-9d6595d7 wp-block-columns-is-layout-flex\">\n<div class=\"wp-block-column is-layout-flow wp-block-column-is-layout-flow\">\n<figure class=\"wp-block-image size-large\"><img loading=\"lazy\" decoding=\"async\" width=\"1024\" height=\"672\" src=\"https:\/\/miramov.cat\/wp-content\/uploads\/2025\/06\/exploring_visual_languages@2x-1024x672.png\" alt=\"\" class=\"wp-image-89\" srcset=\"https:\/\/miramov.cat\/wp-content\/uploads\/2025\/06\/exploring_visual_languages@2x-1024x672.png 1024w, https:\/\/miramov.cat\/wp-content\/uploads\/2025\/06\/exploring_visual_languages@2x-300x197.png 300w, https:\/\/miramov.cat\/wp-content\/uploads\/2025\/06\/exploring_visual_languages@2x-768x504.png 768w, https:\/\/miramov.cat\/wp-content\/uploads\/2025\/06\/exploring_visual_languages@2x.png 1273w\" sizes=\"auto, (max-width: 1024px) 100vw, 1024px\" \/><\/figure>\n<\/div>\n\n\n\n<div class=\"wp-block-column is-layout-flow wp-block-column-is-layout-flow\">\n<p class=\"has-foreground-color has-text-color has-link-color wp-elements-cacc5e224d8b2a3a9063eef44eb9fae1\">.mov es un ciclo anual organizado y comisariado por MIRA que explora la cultura visual contempor\u00e1nea a trav\u00e9s de piezas de videoarte proyectadas sobre 4 paredes y suelo y creadas con motores de videojuegos, animaci\u00f3n 3D y narrativa audiovisual inmersiva.<\/p>\n\n\n\n<p class=\"has-foreground-color has-text-color has-link-color wp-elements-4577899d8fd5aa168e4d1f5979d6ba8b\">El objetivo del ciclo, bajo el nombre de \u201cExploring Visual Languages\u201d, es crear una plataforma de exhibici\u00f3n, exploraci\u00f3n y conocimiento de diversos aspectos de la creatividad visual y las tendencias, programando a artistas emergentes y de renombre. Una experiencia recomendable para cualquier amante del audiovisual y el arte digital.<\/p>\n\n\n\n<p class=\"has-foreground-color has-text-color has-link-color wp-elements-b8d117da13c83deef935b728b86a74f3\">.mov se celebra desde septiembre de 2020 en la sala inmersiva del Centro de Artes Digitales IDEAL (Dr. Trueta, 196, Barcelona), bajo el comisariado, en distintas etapas, de Aida Rodr\u00edguez, Ana Drucker, Arianna Esposito y Marc Gomariz.<\/p>\n<\/div>\n<\/div>\n","protected":false},"excerpt":{"rendered":"<p>.mov es un ciclo anual organizado y comisariado por MIRA que explora la cultura visual contempor\u00e1nea a trav\u00e9s de piezas de videoarte proyectadas sobre 4 paredes y suelo y creadas con motores de videojuegos, animaci\u00f3n 3D y narrativa audiovisual inmersiva. El objetivo del ciclo, bajo el nombre de \u201cExploring Visual Languages\u201d, es crear una plataforma<a href=\"https:\/\/miramov.cat\/es\/sobre-mov\/\">Continue reading <span class=\"sr-only\">\u00absobre .mov\u00bb<\/span><\/a><\/p>\n","protected":false},"author":1,"featured_media":0,"parent":0,"menu_order":0,"comment_status":"closed","ping_status":"closed","template":"","meta":{"_acf_changed":false,"footnotes":""},"class_list":["post-97","page","type-page","status-publish","hentry"],"acf":[],"_links":{"self":[{"href":"https:\/\/miramov.cat\/es\/wp-json\/wp\/v2\/pages\/97","targetHints":{"allow":["GET"]}}],"collection":[{"href":"https:\/\/miramov.cat\/es\/wp-json\/wp\/v2\/pages"}],"about":[{"href":"https:\/\/miramov.cat\/es\/wp-json\/wp\/v2\/types\/page"}],"author":[{"embeddable":true,"href":"https:\/\/miramov.cat\/es\/wp-json\/wp\/v2\/users\/1"}],"replies":[{"embeddable":true,"href":"https:\/\/miramov.cat\/es\/wp-json\/wp\/v2\/comments?post=97"}],"version-history":[{"count":7,"href":"https:\/\/miramov.cat\/es\/wp-json\/wp\/v2\/pages\/97\/revisions"}],"predecessor-version":[{"id":408,"href":"https:\/\/miramov.cat\/es\/wp-json\/wp\/v2\/pages\/97\/revisions\/408"}],"wp:attachment":[{"href":"https:\/\/miramov.cat\/es\/wp-json\/wp\/v2\/media?parent=97"}],"curies":[{"name":"wp","href":"https:\/\/api.w.org\/{rel}","templated":true}]}}